{"id":6,"date":"2018-09-30T11:55:28","date_gmt":"2018-09-30T11:55:28","guid":{"rendered":"http:\/\/www.wroclaw-szklarz.pl\/?page_id=6"},"modified":"2023-10-19T08:51:30","modified_gmt":"2023-10-19T08:51:30","slug":"o-nas","status":"publish","type":"page","link":"https:\/\/www.wroclaw-szklarz.pl\/","title":{"rendered":"O nas"},"content":{"rendered":"<div class=\"wpb-content-wrapper\"><p>[vc_row][vc_column]<div id=\"ultimate-heading-575169dffa724603f\" class=\"uvc-heading ult-adjust-bottom-margin ultimate-heading-575169dffa724603f uvc-2974  uvc-heading-default-font-sizes\" data-hspacer=\"line_with_icon\" data-hline_width=\"60\" data-hicon_type=\"selector\" data-hborder_style=\"solid\" data-hborder_height=\"1\" data-hborder_color=\"#1e73be\" data-icon_width=\"32\" data-hfixer=\"10\"  data-halign=\"center\" style=\"text-align:center\"><div class=\"uvc-main-heading ult-responsive\"  data-ultimate-target='.uvc-heading.ultimate-heading-575169dffa724603f h2'  data-responsive-json-new='{\"font-size\":\"\",\"line-height\":\"\"}' ><h2 style=\"--font-weight:theme;\">Tom-Glass<\/h2><\/div><div class=\"uvc-heading-spacer line_with_icon\" style=\"topheight:32px;\"><div class=\"ult-just-icon-wrapper  \"><div class=\"align-icon\" style=\"text-align:center;\">\n<div class=\"aio-icon none \"  style=\"color:#1e73be;font-size:32px;display:inline-block;\">\n\t<i class=\"Defaults-thumbs-o-up\"><\/i>\n<\/div><\/div><\/div><\/div><div class=\"uvc-sub-heading ult-responsive\"  data-ultimate-target='.uvc-heading.ultimate-heading-575169dffa724603f .uvc-sub-heading '  data-responsive-json-new='{\"font-size\":\"\",\"line-height\":\"\"}'  style=\"font-weight:normal;\"><\/p>\n<h2 style=\"text-align: center;\">Szklarz Wroc\u0142aw &#8211; Us\u0142ugi Szklarskie<\/h2>\n<p><\/div><\/div>[vc_empty_space height=&#8221;60&#8243;][vc_column_text]<\/p>\n<h3 style=\"text-align: center;\">TEL: 603 533 224<\/h3>\n<p style=\"text-align: center;\"><strong>Szklarz Wroc\u0142aw<\/strong> &#8211; \u015awiadczymy Profesjonalne Us\u0142ugi Szklarskie na terenie Wroc\u0142awia i okolic.<br \/>\nSpecjalizujemy si\u0119 w obr\u00f3bce szk\u0142a i luster. Wykonujemy wszelkiego rodzaju konstrukcje szklane.<br \/>\nUs\u0142ugi szklarskie z dojazdem do klienta. Sprzeda\u017c i wymiana i monta\u017c szyb, naprawa luster, szklenie witryn sklepowych.<\/p>\n<p style=\"text-align: center;\">***<\/p>\n<h3 style=\"text-align: center;\">Zadzwo\u0144 do nas i um\u00f3w si\u0119 na bezp\u0142atn\u0105 konsultacj\u0119 oraz wst\u0119pny pomiar i wycen\u0119<\/h3>\n<h3 style=\"text-align: center;\">Szklarz Wroc\u0142aw dla klient\u00f3w indywidualnych i przedsi\u0119biorc\u00f3w<\/h3>\n<p style=\"text-align: center;\">***<\/p>\n<p style=\"text-align: center;\"><strong>Profesjonalne Us\u0142ugi Szklarskie we Wroc\u0142awiu &#8211; Tw\u00f3j Ekspert od Szk\u0142a<\/strong><\/p>\n<p style=\"text-align: center;\">Szukasz do\u015bwiadczonego szklarza we Wroc\u0142awiu, kt\u00f3ry zrealizuje Twoje indywidualne potrzeby i projekty zwi\u0105zane ze szk\u0142em? Trafi\u0142e\u015b w odpowiednie miejsce! Jako lider w bran\u017cy szklarskiej we Wroc\u0142awiu, oferujemy kompleksowy zakres us\u0142ug, kt\u00f3ry spe\u0142ni oczekiwania najbardziej wymagaj\u0105cych klient\u00f3w.<\/p>\n<p style=\"text-align: center;\">Nasze us\u0142ugi szklarskie we Wroc\u0142awiu to gwarancja wysokiej jako\u015bci i precyzji wykonania. Specjalizujemy si\u0119 w produkcji i monta\u017cu r\u00f3\u017cnego rodzaju konstrukcji szklanych, pocz\u0105wszy od eleganckich zabud\u00f3w, luster na wymiar, po nowoczesne rozwi\u0105zania szklane w aran\u017cacji wn\u0119trz. Dzi\u0119ki bogatemu do\u015bwiadczeniu, nasz zesp\u00f3\u0142 szklarzy sprosta wszelkim wyzwaniom, zapewniaj\u0105c produkty i us\u0142ugi idealnie dopasowane do Twoich potrzeb.<\/p>\n<p style=\"text-align: center;\">Korzystaj\u0105c z naszych us\u0142ug, masz pewno\u015b\u0107, \u017ce ka\u017cde zlecenie traktowane jest indywidualnie, a realizacja odbywa si\u0119 z zachowaniem najwy\u017cszych standard\u00f3w jako\u015bciowych. U\u017cywamy najlepszych materia\u0142\u00f3w, co gwarantuje trwa\u0142o\u015b\u0107 i bezpiecze\u0144stwo naszych produkt\u00f3w szklanych. Ponadto, \u015bwiadczymy us\u0142ugi w zakresie naprawy i wymiany szk\u0142a w sytuacjach awaryjnych, oferuj\u0105c szybk\u0105 reakcj\u0119 i profesjonalne wsparcie na terenie ca\u0142ego Wroc\u0142awia.<\/p>\n<p style=\"text-align: center;\">Nie czekaj, zainwestuj w elegancj\u0119 i trwa\u0142o\u015b\u0107 rozwi\u0105za\u0144 szklanych z najlepszym szklarzem we Wroc\u0142awiu. Zapraszamy do kontaktu poprzez nasz\u0105 stron\u0119 internetow\u0105, telefon lub wizyt\u0119 w naszej siedzibie, aby przekona\u0107 si\u0119, jak nasze do\u015bwiadczenie, profesjonalizm i innowacyjne podej\u015bcie mog\u0105 s\u0142u\u017cy\u0107 realizacji Twoich marze\u0144 o idealnych przestrzeniach szklanych.<\/p>\n<p>[\/vc_column_text][vc_empty_space height=&#8221;60&#8243;][\/vc_column][\/vc_row][vc_row][vc_column][vc_row_inner][vc_column_inner width=&#8221;1\/4&#8243;][\/vc_column_inner][vc_column_inner width=&#8221;1\/4&#8243;][vc_btn title=&#8221;Us\u0142ugi&#8221; style=&#8221;outline&#8221; color=&#8221;primary&#8221; size=&#8221;lg&#8221; align=&#8221;right&#8221; i_icon_fontawesome=&#8221;fa fa-search-plus&#8221; css_animation=&#8221;fadeInLeft&#8221; add_icon=&#8221;true&#8221; link=&#8221;url:http%3A%2F%2Fwww.wroclaw-szklarz.pl%2F%3Fpage_id%3D8|||&#8221;][\/vc_column_inner][vc_column_inner width=&#8221;1\/4&#8243;][vc_btn title=&#8221;Kontakt&#8221; style=&#8221;outline&#8221; color=&#8221;primary&#8221; size=&#8221;lg&#8221; align=&#8221;left&#8221; i_icon_fontawesome=&#8221;fa fa-handshake-o&#8221; css_animation=&#8221;fadeInRight&#8221; add_icon=&#8221;true&#8221; link=&#8221;url:http%3A%2F%2Fwww.wroclaw-szklarz.pl%2F%3Fpage_id%3D12|||&#8221;][\/vc_column_inner][vc_column_inner width=&#8221;1\/4&#8243;][\/vc_column_inner][\/vc_row_inner][\/vc_column][\/vc_row]<\/p>\n<\/div>","protected":false},"excerpt":{"rendered":"<p>[vc_row][vc_column][vc_empty_space height=&#8221;60&#8243;][vc_column_text] TEL: 603 533 224 Szklarz Wroc\u0142aw &#8211; \u015awiadczymy Profesjonalne Us\u0142ugi Szklarskie na terenie Wroc\u0142awia i okolic. Specjalizujemy si\u0119 w obr\u00f3bce szk\u0142a i luster. Wykonujemy wszelkiego rodzaju konstrukcje szklane. Us\u0142ugi szklarskie z dojazdem do klienta. Sprzeda\u017c i wymiana i monta\u017c szyb, naprawa luster, szklenie witryn sklepowych. *** Zadzwo\u0144 do nas i um\u00f3w si\u0119 na&hellip;<\/p>\n","protected":false},"author":1,"featured_media":0,"parent":0,"menu_order":0,"comment_status":"closed","ping_status":"closed","template":"","meta":{"footnotes":""},"_links":{"self":[{"href":"https:\/\/www.wroclaw-szklarz.pl\/index.php?rest_route=\/wp\/v2\/pages\/6"}],"collection":[{"href":"https:\/\/www.wroclaw-szklarz.pl\/index.php?rest_route=\/wp\/v2\/pages"}],"about":[{"href":"https:\/\/www.wroclaw-szklarz.pl\/index.php?rest_route=\/wp\/v2\/types\/page"}],"author":[{"embeddable":true,"href":"https:\/\/www.wroclaw-szklarz.pl\/index.php?rest_route=\/wp\/v2\/users\/1"}],"replies":[{"embeddable":true,"href":"https:\/\/www.wroclaw-szklarz.pl\/index.php?rest_route=%2Fwp%2Fv2%2Fcomments&post=6"}],"version-history":[{"count":0,"href":"https:\/\/www.wroclaw-szklarz.pl\/index.php?rest_route=\/wp\/v2\/pages\/6\/revisions"}],"wp:attachment":[{"href":"https:\/\/www.wroclaw-szklarz.pl\/index.php?rest_route=%2Fwp%2Fv2%2Fmedia&parent=6"}],"curies":[{"name":"wp","href":"https:\/\/api.w.org\/{rel}","templated":true}]}}